{"id":387,"date":"2019-08-25T14:28:19","date_gmt":"2019-08-25T12:28:19","guid":{"rendered":"https:\/\/websites.fraunhofer.de\/suskult\/?page_id=387"},"modified":"2025-02-05T16:20:01","modified_gmt":"2025-02-05T15:20:01","slug":"teilprojekt-4","status":"publish","type":"page","link":"https:\/\/suskult.de\/index.php\/teilprojekt-4\/","title":{"rendered":"FP1 &#8211; TP4 Umfeld- und Systemanalyse"},"content":{"rendered":"<style type=\"text\/css\"> \n#cmsms_row_69fb289dec7f3 .cmsms_row_outer_parent { \n\tpadding-top: 0px; \n} \n\n#cmsms_row_69fb289dec7f3 .cmsms_row_outer_parent { \n\tpadding-bottom: 50px; \n} \n\n \n#cmsms_divider_69fb289dec905 { \n\tpadding-top:50px; \n\tmargin-bottom:50px; \n} \n \n#cmsms_heading_69fb289dec917, #cmsms_heading_69fb289dec917 a { \n\tfont-weight:400; \n\tfont-style:normal; \n\tmargin-top:0px; \n\tmargin-bottom:20px; \n} \n<\/style><div id=\"cmsms_row_69fb289dec7f3\" class=\"cmsms_row cmsms_color_scheme_default\">\n<div class=\"cmsms_row_outer_parent\">\n<div class=\"cmsms_row_outer\">\n<div class=\"cmsms_row_inner\">\n<div class=\"cmsms_row_margin\">\n<div class=\"cmsms_column one_first\">\n<div id=\"cmsms_divider_69fb289dec905\" class=\"cl\"><\/div>\n<h1 id=\"cmsms_heading_69fb289dec917\" class=\"cmsms_heading\">F\u00f6rderphase 1 \u2502 Teilprojekt 4 Umfeld- und Systemanalyse<\/h1><div class=\"cmsms_text\">\n<p>Im Teilprojekt 4 treffen Systemwissen, Zielwissen und Transformationswissen aufeinander. Unter der Leitung der <a href=\"https:\/\/suskult.de\/index.php\/ueber-uns\/\">Justus-Liebig-Universit\u00e4t Gie\u00dfen<\/a> werden die gesamtgesellschaftlichen Auswirkungen der technologischen Innovationsentwicklung von SUSKULT analysiert sowie Transformationsbarrieren und zugleich Chancen eruiert. Zudem m\u00f6chte das Teilprojekt praktische Gestaltungsm\u00f6glichkeiten zum Umgang mit dem neuen Agrarsystem auf unterschiedlichen politischen Ebenen aufzeigen, unerw\u00fcnschte Auswirkungen und inh\u00e4rente Risiken bewerten sowie SUSKULT bedarfsgerecht an unterschiedliche Anspruchsgruppen anbinden.<\/p>\n<p>So werden zum Beispiel neue Regulierungsbedarfe (etwa im Lebensmittel- oder Haftungsrecht) und Marktpotenziale im inter- und transdisziplin\u00e4ren Austausch der Justus-Liebig-Universit\u00e4t mit Akteuren aus Politik, Wirtschaft und Zivilgesellschaft im Rahmen von Stakeholder Dialogen diskutiert und analysiert. Neben dem <a href=\"https:\/\/suskult.de\/index.php\/ueber-uns\/\">Ruhrverband<\/a> und der <a href=\"https:\/\/suskult.de\/index.php\/ueber-uns\/\">Emschergenossenschaft<\/a> werden auch<a href=\"https:\/\/suskult.de\/index.php\/ueber-uns\/\"> Yara GmbH &amp; Co. KG<\/a>, <a href=\"https:\/\/suskult.de\/index.php\/ueber-uns\/\">Rewe Markt GmbH<\/a> und die <a href=\"https:\/\/suskult.de\/index.php\/ueber-uns\/\">Metro AG<\/a>, sowie das <a href=\"https:\/\/suskult.de\/index.php\/ueber-uns\/\">Deutsche Forschungszentrum f\u00fcr k\u00fcnstliche Intelligenz GmbH (DFKI)<\/a> und das <a href=\"https:\/\/suskult.de\/index.php\/ueber-uns\/\">Institut f\u00fcr Landes- und Stadtentwicklungsforschung (ILS)<\/a> in diesem Teilprojekt mitarbeiten.<\/p>\n<\/div>\n<\/div>\n<\/div>\n<\/div>\n<\/div>\n<\/div>\n<\/div>\n\n","protected":false},"excerpt":{"rendered":"","protected":false},"author":5,"featured_media":0,"parent":0,"menu_order":0,"comment_status":"closed","ping_status":"closed","template":"","meta":{"footnotes":""},"class_list":["post-387","page","type-page","status-publish","hentry"],"_links":{"self":[{"href":"https:\/\/suskult.de\/index.php\/wp-json\/wp\/v2\/pages\/387","targetHints":{"allow":["GET"]}}],"collection":[{"href":"https:\/\/suskult.de\/index.php\/wp-json\/wp\/v2\/pages"}],"about":[{"href":"https:\/\/suskult.de\/index.php\/wp-json\/wp\/v2\/types\/page"}],"author":[{"embeddable":true,"href":"https:\/\/suskult.de\/index.php\/wp-json\/wp\/v2\/users\/5"}],"replies":[{"embeddable":true,"href":"https:\/\/suskult.de\/index.php\/wp-json\/wp\/v2\/comments?post=387"}],"version-history":[{"count":15,"href":"https:\/\/suskult.de\/index.php\/wp-json\/wp\/v2\/pages\/387\/revisions"}],"predecessor-version":[{"id":1810,"href":"https:\/\/suskult.de\/index.php\/wp-json\/wp\/v2\/pages\/387\/revisions\/1810"}],"wp:attachment":[{"href":"https:\/\/suskult.de\/index.php\/wp-json\/wp\/v2\/media?parent=387"}],"curies":[{"name":"wp","href":"https:\/\/api.w.org\/{rel}","templated":true}]}}