{"id":383,"date":"2019-08-25T14:27:55","date_gmt":"2019-08-25T12:27:55","guid":{"rendered":"https:\/\/websites.fraunhofer.de\/suskult\/?page_id=383"},"modified":"2025-02-05T16:19:28","modified_gmt":"2025-02-05T15:19:28","slug":"teilprojekt-2","status":"publish","type":"page","link":"https:\/\/suskult.de\/index.php\/teilprojekt-2\/","title":{"rendered":"FP1 &#8211; TP2 NEWtrient\u00ae-Aufbereitungssystem"},"content":{"rendered":"<style type=\"text\/css\"> \n#cmsms_row_6a007457308b6 .cmsms_row_outer_parent { \n\tpadding-top: 0px; \n} \n\n#cmsms_row_6a007457308b6 .cmsms_row_outer_parent { \n\tpadding-bottom: 50px; \n} \n\n \n#cmsms_divider_6a00745730952 { \n\tpadding-top:50px; \n\tmargin-bottom:50px; \n} \n \n#cmsms_heading_6a00745730966, #cmsms_heading_6a00745730966 a { \n\tfont-weight:400; \n\tfont-style:normal; \n\tmargin-top:0px; \n\tmargin-bottom:20px; \n} \n<\/style><div id=\"cmsms_row_6a007457308b6\" class=\"cmsms_row cmsms_color_scheme_default\">\n<div class=\"cmsms_row_outer_parent\">\n<div class=\"cmsms_row_outer\">\n<div class=\"cmsms_row_inner\">\n<div class=\"cmsms_row_margin\">\n<div class=\"cmsms_column one_first\">\n<div id=\"cmsms_divider_6a00745730952\" class=\"cl\"><\/div>\n<h1 id=\"cmsms_heading_6a00745730966\" class=\"cmsms_heading\">F\u00f6rderphase 1 \u2502 Teilprojekt 2 NEWtrient\u00ae-Aufbereitungssystem<\/h1><div class=\"cmsms_text\">\n<p>Im Teilprojekt 2 werden unter der Leitung von <a href=\"https:\/\/suskult.de\/index.php\/ueber-uns\/\">Fraunhofer UMSICHT<\/a> Methoden und Technologien analysiert, bewertet und entwickelt, die eine R\u00fcckgewinnung der Ressourcen Wasser, Stickstoff, Phosphor, Kalium, CO2 und W\u00e4rme erm\u00f6glichen. Diese technologischen Konzepte werden dann zu Prozessketten optimiert. Zielsetzung ist die Erzeugung von Ressourcen, die frei von Keimen, Mikroschadstoffen sowie St\u00f6rstoffen sind, die das Pflanzenwachstum negativ beeinflussen k\u00f6nnen. Die Forschungsergebnisse sollen in der Demonstrationsanlage zur Produktion von Nahrungsmitteln integriert werden.<\/p>\n<p>Im Labor werden dazu zun\u00e4chst vielversprechende Technologien auf ihre Eignung hin untersucht und schrittweise f\u00fcr die Pilotanwendung optimiert. Am Teilprojekt 2 arbeiten unter anderem auch die <a href=\"https:\/\/suskult.de\/index.php\/ueber-uns\/\">Montanuniversit\u00e4t Leoben<\/a> und die <a href=\"https:\/\/suskult.de\/index.php\/ueber-uns\/\">TU Kaiserslautern<\/a> an einer Neuentwicklung f\u00fcr eine Verfahrenstechnik zur R\u00fcckgewinnung von Kalium aus kommunalem Abwasser. Weitere Partner in diesem Teilprojekt sind die <a href=\"https:\/\/suskult.de\/index.php\/ueber-uns\/\">A3 water solutions GmbH<\/a>, die <a href=\"https:\/\/suskult.de\/index.php\/ueber-uns\/\">Trilux Lighting Solutions GmbH<\/a>, die<a href=\"https:\/\/suskult.de\/index.php\/ueber-uns\/\"> Yara GmbH &amp; Co. KG<\/a>., das <a href=\"https:\/\/suskult.de\/index.php\/ueber-uns\/\">Helmholtz Zentrum f\u00fcr Umweltforschung<\/a> und die <a href=\"https:\/\/suskult.de\/index.php\/ueber-uns\/\">Hochschule Osnabr\u00fcck<\/a>.<\/p>\n<\/div>\n<\/div>\n<\/div>\n<\/div>\n<\/div>\n<\/div>\n<\/div>\n\n","protected":false},"excerpt":{"rendered":"","protected":false},"author":5,"featured_media":0,"parent":0,"menu_order":0,"comment_status":"closed","ping_status":"closed","template":"","meta":{"footnotes":""},"class_list":["post-383","page","type-page","status-publish","hentry"],"_links":{"self":[{"href":"https:\/\/suskult.de\/index.php\/wp-json\/wp\/v2\/pages\/383","targetHints":{"allow":["GET"]}}],"collection":[{"href":"https:\/\/suskult.de\/index.php\/wp-json\/wp\/v2\/pages"}],"about":[{"href":"https:\/\/suskult.de\/index.php\/wp-json\/wp\/v2\/types\/page"}],"author":[{"embeddable":true,"href":"https:\/\/suskult.de\/index.php\/wp-json\/wp\/v2\/users\/5"}],"replies":[{"embeddable":true,"href":"https:\/\/suskult.de\/index.php\/wp-json\/wp\/v2\/comments?post=383"}],"version-history":[{"count":8,"href":"https:\/\/suskult.de\/index.php\/wp-json\/wp\/v2\/pages\/383\/revisions"}],"predecessor-version":[{"id":1808,"href":"https:\/\/suskult.de\/index.php\/wp-json\/wp\/v2\/pages\/383\/revisions\/1808"}],"wp:attachment":[{"href":"https:\/\/suskult.de\/index.php\/wp-json\/wp\/v2\/media?parent=383"}],"curies":[{"name":"wp","href":"https:\/\/api.w.org\/{rel}","templated":true}]}}